{"id":448,"date":"2011-07-28T16:12:35","date_gmt":"2011-07-28T16:12:35","guid":{"rendered":"http:\/\/www.engineering.iastate.edu\/studyabroad\/?page_id=448"},"modified":"2023-07-07T15:37:53","modified_gmt":"2023-07-07T20:37:53","slug":"exchange-partner-universities","status":"publish","type":"page","link":"https:\/\/www.engineering.iastate.edu\/studyabroad\/study-at-iowa-state\/exchange\/exchange-partner-universities\/","title":{"rendered":"Exchange Partner Universities"},"content":{"rendered":"\n\n<div class=\"paragraph-widget paragraph-widget--text-html\"><div class=\"text-content\">\n<h2 class=\"wp-block-heading\">Australia<\/h2>\n<\/div><\/div>\n\n<div class=\"paragraph-widget paragraph-widget--text-html\"><div class=\"text-content\">\n<p>University of New South Wales<\/p>\n<\/div><\/div>\n\n<div class=\"paragraph-widget paragraph-widget--text-html\"><div class=\"text-content\">\n<h2 class=\"wp-block-heading\">Brazil<\/h2>\n<\/div><\/div>\n\n<div class=\"paragraph-widget paragraph-widget--text-html\"><div class=\"text-content\">\n<p>Federal University of Vi\u00e7osa<\/p>\n<\/div><\/div>\n\n<div class=\"paragraph-widget paragraph-widget--text-html\"><div class=\"text-content\">\n<h2 class=\"wp-block-heading\">Egypt<\/h2>\n<\/div><\/div>\n\n<div class=\"paragraph-widget paragraph-widget--text-html\"><div class=\"text-content\">\n<p>American University in Cairo<\/p>\n<\/div><\/div>\n\n<div class=\"paragraph-widget paragraph-widget--text-html\"><div class=\"text-content\">\n<h2 class=\"wp-block-heading\">England<\/h2>\n<\/div><\/div>\n\n<div class=\"paragraph-widget paragraph-widget--text-html\"><div class=\"text-content\">\n<p>Brunel University<br>University of Birmingham<br>University College London<\/p>\n<\/div><\/div>\n\n<div class=\"paragraph-widget paragraph-widget--text-html\"><div class=\"text-content\">\n<h2 class=\"wp-block-heading\">France<\/h2>\n<\/div><\/div>\n\n<div class=\"paragraph-widget paragraph-widget--text-html\"><div class=\"text-content\">\n<p>Grenoble INP<\/p>\n<\/div><\/div>\n\n<div class=\"paragraph-widget paragraph-widget--text-html\"><div class=\"text-content\">\n<h2 class=\"wp-block-heading\">Germany<\/h2>\n<\/div><\/div>\n\n<div class=\"paragraph-widget paragraph-widget--text-html\"><div class=\"text-content\">\n<p>Hochschule Mannheim<br>RWTH Aachen<br>University of Hohenheim, Stuttgart<\/p>\n<\/div><\/div>\n\n<div class=\"paragraph-widget paragraph-widget--text-html\"><div class=\"text-content\">\n<h2 class=\"wp-block-heading\">India<\/h2>\n<\/div><\/div>\n\n<div class=\"paragraph-widget paragraph-widget--text-html\"><div class=\"text-content\">\n<p>Amity University<\/p>\n<\/div><\/div>\n\n<div class=\"paragraph-widget paragraph-widget--text-html\"><div class=\"text-content\">\n<h2 class=\"wp-block-heading\">Ireland<\/h2>\n<\/div><\/div>\n\n<div class=\"paragraph-widget paragraph-widget--text-html\"><div class=\"text-content\">\n<p>University of Limerick<\/p>\n<\/div><\/div>\n\n<div class=\"paragraph-widget paragraph-widget--text-html\"><div class=\"text-content\">\n<h2 class=\"wp-block-heading\">Italy<\/h2>\n<\/div><\/div>\n\n<div class=\"paragraph-widget paragraph-widget--text-html\"><div class=\"text-content\">\n<p>Politecnico di Torino<\/p>\n<\/div><\/div>\n\n<div class=\"paragraph-widget paragraph-widget--text-html\"><div class=\"text-content\">\n<h2 class=\"wp-block-heading\">Netherlands<\/h2>\n<\/div><\/div>\n\n<div class=\"paragraph-widget paragraph-widget--text-html\"><div class=\"text-content\">\n<p>Technical University of Delft<\/p>\n<\/div><\/div>\n\n<div class=\"paragraph-widget paragraph-widget--text-html\"><div class=\"text-content\">\n<h2 class=\"wp-block-heading\">Scotland<\/h2>\n<\/div><\/div>\n\n<div class=\"paragraph-widget paragraph-widget--text-html\"><div class=\"text-content\">\n<p>University of Edinburgh<\/p>\n<\/div><\/div>\n\n<div class=\"paragraph-widget paragraph-widget--text-html\"><div class=\"text-content\">\n<h2 class=\"wp-block-heading\">Singapore<\/h2>\n<\/div><\/div>\n\n<div class=\"paragraph-widget paragraph-widget--text-html\"><div class=\"text-content\">\n<p>National University of Singapore<br>Nanyang Technological University<\/p>\n<\/div><\/div>\n\n<div class=\"paragraph-widget paragraph-widget--text-html\"><div class=\"text-content\">\n<h2 class=\"wp-block-heading\">Switzerland<\/h2>\n<\/div><\/div>\n\n<div class=\"paragraph-widget paragraph-widget--text-html\"><div class=\"text-content\">\n<p>\u00c9cole Polytechnique F\u00e9d\u00e9rale de Lausanne (EPFL)<\/p>\n<\/div><\/div>\n\n<div class=\"paragraph-widget paragraph-widget--text-html\"><div class=\"text-content\">\n<h2 class=\"wp-block-heading\">Taiwan<\/h2>\n<\/div><\/div>\n\n<div class=\"paragraph-widget paragraph-widget--text-html\"><div class=\"text-content\">\n<p>National Taiwan University of Science and Technology<br>National Tsing Hua University<br>Tatung University<\/p>\n<\/div><\/div>\n\n<div class=\"paragraph-widget paragraph-widget--text-html\"><div class=\"text-content\">\n<h2 class=\"wp-block-heading\">Thailand<\/h2>\n<\/div><\/div>\n\n<div class=\"paragraph-widget paragraph-widget--text-html\"><div class=\"text-content\">\n<p>Chulalongkorn University<\/p>\n<\/div><\/div>\n\n<div class=\"paragraph-widget paragraph-widget--text-html\"><div class=\"text-content\">\n<h2 class=\"wp-block-heading\">Turkey<\/h2>\n<\/div><\/div>\n\n<div class=\"paragraph-widget paragraph-widget--text-html\"><div class=\"text-content\">\n<p>Bogazi\u00e7i University<br>Middle East Technical University<\/p>\n<\/div><\/div>\n\n<div class=\"paragraph-widget paragraph-widget--text-html\"><div class=\"text-content\">\n<h2 class=\"wp-block-heading\">Wales<\/h2>\n<\/div><\/div>\n\n<div class=\"paragraph-widget paragraph-widget--text-html\"><div class=\"text-content\">\n<p>Cardiff University<\/p>\n<\/div><\/div>\n\n\n<div style=\"height:100px\" aria-hidden=\"true\" class=\"wp-block-spacer\"><\/div>\n","protected":false},"excerpt":{"rendered":"<p>Australia University of New South Wales Brazil Federal University of Vi\u00e7osa Egypt American University in Cairo England Brunel UniversityUniversity of BirminghamUniversity College London France Grenoble INP Germany Hochschule MannheimRWTH AachenUniversity of Hohenheim, Stuttgart India Amity University Ireland University of Limerick Italy Politecnico di Torino Netherlands Technical University of Delft Scotland University of Edinburgh Singapore National [&hellip;]<\/p>\n","protected":false},"author":3167,"featured_media":0,"parent":46,"menu_order":0,"comment_status":"closed","ping_status":"open","template":"","meta":{"_acf_changed":false,"footnotes":"","_links_to":"","_links_to_target":""},"class_list":["post-448","page","type-page","status-publish","hentry"],"acf":[],"_links":{"self":[{"href":"https:\/\/www.engineering.iastate.edu\/studyabroad\/wp-json\/wp\/v2\/pages\/448","targetHints":{"allow":["GET"]}}],"collection":[{"href":"https:\/\/www.engineering.iastate.edu\/studyabroad\/wp-json\/wp\/v2\/pages"}],"about":[{"href":"https:\/\/www.engineering.iastate.edu\/studyabroad\/wp-json\/wp\/v2\/types\/page"}],"author":[{"embeddable":true,"href":"https:\/\/www.engineering.iastate.edu\/studyabroad\/wp-json\/wp\/v2\/users\/3167"}],"replies":[{"embeddable":true,"href":"https:\/\/www.engineering.iastate.edu\/studyabroad\/wp-json\/wp\/v2\/comments?post=448"}],"version-history":[{"count":14,"href":"https:\/\/www.engineering.iastate.edu\/studyabroad\/wp-json\/wp\/v2\/pages\/448\/revisions"}],"predecessor-version":[{"id":3785,"href":"https:\/\/www.engineering.iastate.edu\/studyabroad\/wp-json\/wp\/v2\/pages\/448\/revisions\/3785"}],"up":[{"embeddable":true,"href":"https:\/\/www.engineering.iastate.edu\/studyabroad\/wp-json\/wp\/v2\/pages\/46"}],"wp:attachment":[{"href":"https:\/\/www.engineering.iastate.edu\/studyabroad\/wp-json\/wp\/v2\/media?parent=448"}],"curies":[{"name":"wp","href":"https:\/\/api.w.org\/{rel}","templated":true}]}}